{"id":1234,"date":"2021-12-30T08:46:27","date_gmt":"2021-12-30T08:46:27","guid":{"rendered":"https:\/\/lte.erasmus.site\/?page_id=1234"},"modified":"2022-09-22T09:34:10","modified_gmt":"2022-09-22T09:34:10","slug":"partners","status":"publish","type":"page","link":"https:\/\/lte.erasmus.site\/pl\/partners\/","title":{"rendered":"Partnerzy"},"content":{"rendered":"<p><img fetchpriority=\"high\" decoding=\"async\" class=\"size-medium wp-image-1320 aligncenter\" src=\"https:\/\/lte.erasmus.site\/wp-content\/uploads\/2022\/01\/cwep-300x300.png\" alt=\"\" width=\"300\" height=\"300\" srcset=\"https:\/\/lte.erasmus.site\/wp-content\/uploads\/2022\/01\/cwep.png 300w, https:\/\/lte.erasmus.site\/wp-content\/uploads\/2022\/01\/cwep-150x150.png 150w\" sizes=\"(max-width: 300px) 100vw, 300px\" \/><\/p>\n<p style=\"text-align: center;\"><strong>Centrum Wspierania Edukacji i Przedsi\u0119biorczo\u015bci (CWEP) \u2013 Polska<\/strong><\/p>\n<p>Centrum Wspierania Edukacji i Przedsi\u0119biorczo\u015bci (CWEP) dzia\u0142a od 2004 roku, prowadz\u0105c dzia\u0142alno\u015b\u0107 zwi\u0105zan\u0105 ze wspieraniem i promocj\u0105 wsp\u00f3\u0142czesnej edukacji oraz przedsi\u0119biorczo\u015bci, prowadzeniem bada\u0144 naukowych i konsultingowych, prowadzeniem dzia\u0142alno\u015bci szkoleniowej, publicystycznej, wydawniczej, marketingowej, doradczej oraz reklamowej. Stowarzyszenie \u015bwiadczy us\u0142ugi wspieraj\u0105ce edukacj\u0119 poprzez realizacj\u0119 edukacyjnych projekt\u00f3w ponadnarodowych adresowanych do os\u00f3b m\u0142odych i organizacj\u0119 szkole\u0144. Prowadzi tak\u017ce wsparcie doradcze dla firm dzia\u0142aj\u0105cych na terenie Podkarpacia oraz Ma\u0142opolski i realizuje projekty inwestycyjne maj\u0105ce na celu podniesienie jako\u015bci \u015bwiadczonych us\u0142ug wsparcia przedsi\u0119biorczo\u015bci. Stowarzyszenie prowadzi aktywn\u0105 dzia\u0142alno\u015b\u0107 na polu naukowym, wyra\u017caj\u0105c\u0105 si\u0119 w zaanga\u017cowaniu w projekty badawcze i prowadzeniu w\u0142asnych analiz spo\u0142ecznych.<\/p>\n<p>Strona internetowa: <a href=\"http:\/\/www.cwep.eu\" target=\"_blank\" rel=\"noopener\">www.cwep.eu<\/a><\/p>\n<hr \/>\n<p><img decoding=\"async\" class=\"size-medium wp-image-1319 aligncenter\" src=\"https:\/\/lte.erasmus.site\/wp-content\/uploads\/2022\/01\/zk-300x300.png\" alt=\"\" width=\"300\" height=\"300\" srcset=\"https:\/\/lte.erasmus.site\/wp-content\/uploads\/2022\/01\/zk.png 300w, https:\/\/lte.erasmus.site\/wp-content\/uploads\/2022\/01\/zk-150x150.png 150w\" sizes=\"(max-width: 300px) 100vw, 300px\" \/><\/p>\n<p>VsI \u201cZiniu kodas\u201d (Knowledge Code) to instytucja non-profit, kt\u00f3ra powsta\u0142a w 2010 r.<br \/>\nG\u0142\u00f3wnym celem organizacji jest zaspokajanie interes\u00f3w publicznych poprzez organizowanie dzia\u0142a\u0144 zwi\u0105zanych z edukacj\u0105 i szkoleniem, nauk\u0105, kultur\u0105, ochron\u0105 \u015brodowiska, rozwojem sportu, pomoc\u0105 spo\u0142eczn\u0105 lub prawn\u0105, a tak\u017ce innych dzia\u0142a\u0144 spo\u0142ecznie u\u017cytecznych w celu promowania aktywnego uczestnictwa w rynku pracy i integracji spo\u0142ecznej os\u00f3b w ka\u017cdym wieku.<\/p>\n<p>Nasza dzia\u0142alno\u015b\u0107 obejmuje:<\/p>\n<ol>\n<li>\u00a0Prowadzenie doradztwa w zakresie pozaformalnego kszta\u0142cenia zawodowego, jego podej\u015b\u0107, metodologii i mo\u017cliwo\u015bci stosowanych dla os\u00f3b niepe\u0142nosprawnych w celu zaspokojenia ich potrzeb;<\/li>\n<li>Prowadzenie edukacji kulturalnej dla go\u015bci zagranicznych szerz\u0105cych informacje o Litwie, jej miastach, dziedzictwie kulturowym i spo\u0142ecze\u0144stwie;<\/li>\n<li>Promocja zatrudnienia i odkrycie sposob\u00f3w zwi\u0119kszenia integracji i uczestnictwa w \u017cyciu politycznym, ekonomicznym, spo\u0142ecznym i kulturalnym;<\/li>\n<li>Rozw\u00f3j kompetencji spo\u0142ecznych cz\u0142owieka, wyra\u017canie siebie, zainteresowa\u0144 poznawczych, tolerancji i wsp\u00f3\u0142pracy mi\u0119dzynarodowej.<\/li>\n<\/ol>\n<hr \/>\n<p><img decoding=\"async\" class=\"size-medium wp-image-1321 aligncenter\" src=\"https:\/\/lte.erasmus.site\/wp-content\/uploads\/2022\/01\/ts-300x300.png\" alt=\"\" width=\"300\" height=\"300\" srcset=\"https:\/\/lte.erasmus.site\/wp-content\/uploads\/2022\/01\/ts.png 300w, https:\/\/lte.erasmus.site\/wp-content\/uploads\/2022\/01\/ts-150x150.png 150w\" sizes=\"(max-width: 300px) 100vw, 300px\" \/><\/p>\n<p>Transition Stirling jest organizacj\u0105 charytatywn\u0105 zajmuj\u0105c\u0105 si\u0119 ochron\u0105 \u015brodowiska, a w tym:<\/p>\n<ul>\n<li>Podnoszeniem \u015bwiadomo\u015bci na temat implikacji zmian klimatycznych i szczycie wydobycia ropy naftowej<\/li>\n<li>Zaanga\u017cowaniem spo\u0142eczno\u015bci w dzia\u0142ania dotycz\u0105ce zmian klimatycznych<\/li>\n<li>Wspieraniem spo\u0142eczno\u015bci, aby sta\u0142a si\u0119 bardziej samodzielna w takich dziedzinach jak \u017cywno\u015b\u0107 i energia<\/li>\n<li>Zmniejszaniem ilo\u015bci odpad\u00f3w na wysypiskach i emisji gaz\u00f3w cieplarnianych<\/li>\n<li>Wspieraniem ochrony \u015brodowiska<\/li>\n<li>Prac\u0105 w partnerstwie z innymi organizacjami, w szczeg\u00f3lno\u015bci z grupami spo\u0142eczno\u015bci lokalnych i innymi organizacjami wolontariackimi, aby spe\u0142ni\u0107 nasze cele wymienione powy\u017cej.<\/li>\n<\/ul>\n<p>Od 2016 roku prowadzimy bibliotek\u0119 udost\u0119pniania narz\u0119dzi, a tak\u017ce wykonujemy naprawy, projekty ponownego wykorzystania drewna, redystrybucj\u0119 \u017cywno\u015bci ze sklep\u00f3w spo\u017cywczych, kt\u00f3ra w inny spos\u00f3b trafi\u0142aby do przetwarzania odpad\u00f3w, a ostatnio w 2020 roku rozpoczynaj\u0105c hub ponownego wykorzystania, aby przekierowa\u0107 przedmioty gospodarstwa domowego z przetwarzania odpad\u00f3w.<\/p>\n<p>Strona internetowa: <a href=\"http:\/\/www.transitionstirling.org.uk\" target=\"_blank\" rel=\"noopener\">www.transitionstirling.org.uk<\/a><\/p>\n","protected":false},"excerpt":{"rendered":"<p>Centrum Wspierania Edukacji i Przedsi\u0119biorczo\u015bci (CWEP) \u2013 Polska Centrum Wspierania Edukacji i Przedsi\u0119biorczo\u015bci (CWEP) dzia\u0142a od 2004 roku, prowadz\u0105c dzia\u0142alno\u015b\u0107 zwi\u0105zan\u0105 ze wspieraniem i promocj\u0105 wsp\u00f3\u0142czesnej edukacji oraz przedsi\u0119biorczo\u015bci, prowadzeniem bada\u0144 naukowych i konsultingowych, prowadzeniem dzia\u0142alno\u015bci szkoleniowej, publicystycznej, wydawniczej, marketingowej, doradczej oraz reklamowej. Stowarzyszenie \u015bwiadczy us\u0142ugi wspieraj\u0105ce edukacj\u0119 poprzez realizacj\u0119 edukacyjnych projekt\u00f3w ponadnarodowych adresowanych do&hellip;&nbsp;<a href=\"https:\/\/lte.erasmus.site\/pl\/partners\/\" rel=\"bookmark\">Dowiedz si\u0119 wi\u0119cej &raquo;<span class=\"screen-reader-text\">Partnerzy<\/span><\/a><\/p>\n","protected":false},"author":1,"featured_media":0,"parent":0,"menu_order":0,"comment_status":"closed","ping_status":"closed","template":"","meta":{"_crdt_document":"","neve_meta_sidebar":"","neve_meta_container":"","neve_meta_enable_content_width":"off","neve_meta_content_width":100,"neve_meta_title_alignment":"","neve_meta_author_avatar":"","neve_post_elements_order":"","neve_meta_disable_header":"","neve_meta_disable_footer":"","neve_meta_disable_title":"","footnotes":""},"class_list":["post-1234","page","type-page","status-publish","hentry"],"_links":{"self":[{"href":"https:\/\/lte.erasmus.site\/pl\/wp-json\/wp\/v2\/pages\/1234","targetHints":{"allow":["GET"]}}],"collection":[{"href":"https:\/\/lte.erasmus.site\/pl\/wp-json\/wp\/v2\/pages"}],"about":[{"href":"https:\/\/lte.erasmus.site\/pl\/wp-json\/wp\/v2\/types\/page"}],"author":[{"embeddable":true,"href":"https:\/\/lte.erasmus.site\/pl\/wp-json\/wp\/v2\/users\/1"}],"replies":[{"embeddable":true,"href":"https:\/\/lte.erasmus.site\/pl\/wp-json\/wp\/v2\/comments?post=1234"}],"version-history":[{"count":9,"href":"https:\/\/lte.erasmus.site\/pl\/wp-json\/wp\/v2\/pages\/1234\/revisions"}],"predecessor-version":[{"id":1411,"href":"https:\/\/lte.erasmus.site\/pl\/wp-json\/wp\/v2\/pages\/1234\/revisions\/1411"}],"wp:attachment":[{"href":"https:\/\/lte.erasmus.site\/pl\/wp-json\/wp\/v2\/media?parent=1234"}],"curies":[{"name":"wp","href":"https:\/\/api.w.org\/{rel}","templated":true}]}}