{"id":1193,"date":"2021-11-21T15:12:46","date_gmt":"2021-11-21T15:12:46","guid":{"rendered":"https:\/\/lte.erasmus.site\/home-2\/"},"modified":"2023-08-24T10:03:51","modified_gmt":"2023-08-24T10:03:51","slug":"home-2","status":"publish","type":"page","link":"https:\/\/lte.erasmus.site\/pl\/","title":{"rendered":"Strona g\u0142\u00f3wna"},"content":{"rendered":"\t\t<div data-elementor-type=\"wp-page\" data-elementor-id=\"1193\" class=\"elementor elementor-1193\">\n\t\t\t\t\t\t<section class=\"elementor-section elementor-top-section elementor-element elementor-element-ca7541c elementor-section-height-full elementor-section-boxed elementor-section-height-default elementor-section-items-middle\" data-id=\"ca7541c\" data-element_type=\"section\" data-e-type=\"section\" data-settings=\"{&quot;background_background&quot;:&quot;classic&quot;}\">\n\t\t\t\t\t\t\t<div class=\"elementor-background-overlay\"><\/div>\n\t\t\t\t\t\t\t<div class=\"elementor-container elementor-column-gap-default\">\n\t\t\t\t\t<div class=\"elementor-column elementor-col-50 elementor-top-column elementor-element elementor-element-be10890\" data-id=\"be10890\" data-element_type=\"column\" data-e-type=\"column\">\n\t\t\t<div class=\"elementor-widget-wrap elementor-element-populated\">\n\t\t\t\t\t\t<div class=\"elementor-element elementor-element-571a1f5 elementor-widget elementor-widget-spacer\" data-id=\"571a1f5\" data-element_type=\"widget\" data-e-type=\"widget\" data-widget_type=\"spacer.default\">\n\t\t\t\t<div class=\"elementor-widget-container\">\n\t\t\t\t\t\t\t<div class=\"elementor-spacer\">\n\t\t\t<div class=\"elementor-spacer-inner\"><\/div>\n\t\t<\/div>\n\t\t\t\t\t\t<\/div>\n\t\t\t\t<\/div>\n\t\t\t\t<div class=\"elementor-element elementor-element-02500f6 elementor-widget elementor-widget-heading\" data-id=\"02500f6\" data-element_type=\"widget\" data-e-type=\"widget\" data-widget_type=\"heading.default\">\n\t\t\t\t<div class=\"elementor-widget-container\">\n\t\t\t\t\t<h1 class=\"elementor-heading-title elementor-size-default\">WITAMY NA STRONIE PROJEKTU \"LIBRARIES OF THINGS EUROPE\"!<\/h1>\t\t\t\t<\/div>\n\t\t\t\t<\/div>\n\t\t\t\t<div class=\"elementor-element elementor-element-ffe4386 elementor-widget elementor-widget-text-editor\" data-id=\"ffe4386\" data-element_type=\"widget\" data-e-type=\"widget\" data-widget_type=\"text-editor.default\">\n\t\t\t\t<div class=\"elementor-widget-container\">\n\t\t\t\t\t\t\t\t\t<p>W &#8222;Bibliotekach Rzeczy&#8221; (LoT) cz\u0142onkowie mog\u0105 wypo\u017cycza\u0107 r\u00f3\u017cnego rodzaju przedmioty za darmo lub za niewielk\u0105 op\u0142at\u0105. Wypo\u017cyczanie zamiast kupowania zmniejsza ilo\u015b\u0107 kupowanych nowych przedmiot\u00f3w, kt\u00f3re mog\u0105 by\u0107 u\u017cywane kilka razy, zanim zostan\u0105 ostatecznie wyrzucone. Daje to ludziom mo\u017cliwo\u015b\u0107 uczestniczenia w gospodarce cyrkularnej i dowiedzenia si\u0119 wi\u0119cej o zmianach klimatu. Celem projektu jest stworzenie interaktywnej platformy internetowej do katalogowania informacji i zasob\u00f3w z bibliotek rzeczy w innych krajach, oferowanie porad dla innych w Europie, aby za\u0142o\u017cy\u0107 bibliotek\u0119 rzeczy i rozpowszechnia\u0107 wyniki projektu. Zostanie r\u00f3wnie\u017c stworzony &#8222;Przewodnik po bibliotekach rzeczy&#8221; zawieraj\u0105cy praktyczne informacje, kt\u00f3re pomog\u0105 potencjalnym bibliotekom rzeczy dowiedzie\u0107 si\u0119, jak je za\u0142o\u017cy\u0107, organizowa\u0107 wydarzenia i szkolenia.<\/p>\t\t\t\t\t\t\t\t<\/div>\n\t\t\t\t<\/div>\n\t\t\t\t\t<\/div>\n\t\t<\/div>\n\t\t\t\t<div class=\"elementor-column elementor-col-50 elementor-top-column elementor-element elementor-element-c3a6115\" data-id=\"c3a6115\" data-element_type=\"column\" data-e-type=\"column\">\n\t\t\t<div class=\"elementor-widget-wrap elementor-element-populated\">\n\t\t\t\t\t\t<div class=\"elementor-element elementor-element-dc4e015 elementor-widget elementor-widget-image\" data-id=\"dc4e015\" data-element_type=\"widget\" data-e-type=\"widget\" data-widget_type=\"image.default\">\n\t\t\t\t<div class=\"elementor-widget-container\">\n\t\t\t\t\t\t\t\t\t\t\t\t\t\t\t<img fetchpriority=\"high\" decoding=\"async\" width=\"512\" height=\"512\" src=\"https:\/\/lte.erasmus.site\/wp-content\/uploads\/2021\/12\/cropped-LOGO-removebg-1-1.png\" class=\"attachment-large size-large wp-image-87\" alt=\"\" srcset=\"https:\/\/lte.erasmus.site\/wp-content\/uploads\/2021\/12\/cropped-LOGO-removebg-1-1.png 512w, https:\/\/lte.erasmus.site\/wp-content\/uploads\/2021\/12\/cropped-LOGO-removebg-1-1-300x300.png 300w, https:\/\/lte.erasmus.site\/wp-content\/uploads\/2021\/12\/cropped-LOGO-removebg-1-1-150x150.png 150w, https:\/\/lte.erasmus.site\/wp-content\/uploads\/2021\/12\/cropped-LOGO-removebg-1-1-270x270.png 270w, https:\/\/lte.erasmus.site\/wp-content\/uploads\/2021\/12\/cropped-LOGO-removebg-1-1-192x192.png 192w, https:\/\/lte.erasmus.site\/wp-content\/uploads\/2021\/12\/cropped-LOGO-removebg-1-1-180x180.png 180w, https:\/\/lte.erasmus.site\/wp-content\/uploads\/2021\/12\/cropped-LOGO-removebg-1-1-32x32.png 32w\" sizes=\"(max-width: 512px) 100vw, 512px\" \/>\t\t\t\t\t\t\t\t\t\t\t\t\t\t\t<\/div>\n\t\t\t\t<\/div>\n\t\t\t\t\t<\/div>\n\t\t<\/div>\n\t\t\t\t\t<\/div>\n\t\t<\/section>\n\t\t\t\t<section class=\"elementor-section elementor-top-section elementor-element elementor-element-7701125 elementor-section-boxed elementor-section-height-default elementor-section-height-default\" data-id=\"7701125\" data-element_type=\"section\" data-e-type=\"section\">\n\t\t\t\t\t\t<div class=\"elementor-container elementor-column-gap-default\">\n\t\t\t\t\t<div class=\"elementor-column elementor-col-100 elementor-top-column elementor-element elementor-element-9ad04ba\" data-id=\"9ad04ba\" data-element_type=\"column\" data-e-type=\"column\">\n\t\t\t<div class=\"elementor-widget-wrap elementor-element-populated\">\n\t\t\t\t\t\t<div class=\"elementor-element elementor-element-98b464a elementor-widget elementor-widget-menu-anchor\" data-id=\"98b464a\" data-element_type=\"widget\" data-e-type=\"widget\" data-widget_type=\"menu-anchor.default\">\n\t\t\t\t<div class=\"elementor-widget-container\">\n\t\t\t\t\t\t\t<div class=\"elementor-menu-anchor\" id=\"about\"><\/div>\n\t\t\t\t\t\t<\/div>\n\t\t\t\t<\/div>\n\t\t\t\t<div class=\"elementor-element elementor-element-13ae7bf elementor-widget elementor-widget-heading\" data-id=\"13ae7bf\" data-element_type=\"widget\" data-e-type=\"widget\" data-widget_type=\"heading.default\">\n\t\t\t\t<div class=\"elementor-widget-container\">\n\t\t\t\t\t<h2 class=\"elementor-heading-title elementor-size-default\">Cel projektu<\/h2>\t\t\t\t<\/div>\n\t\t\t\t<\/div>\n\t\t\t\t<div class=\"elementor-element elementor-element-9c7221f elementor-widget-divider--view-line elementor-widget elementor-widget-divider\" data-id=\"9c7221f\" data-element_type=\"widget\" data-e-type=\"widget\" data-widget_type=\"divider.default\">\n\t\t\t\t<div class=\"elementor-widget-container\">\n\t\t\t\t\t\t\t<div class=\"elementor-divider\">\n\t\t\t<span class=\"elementor-divider-separator\">\n\t\t\t\t\t\t<\/span>\n\t\t<\/div>\n\t\t\t\t\t\t<\/div>\n\t\t\t\t<\/div>\n\t\t\t\t<div class=\"elementor-element elementor-element-9580159 elementor-widget elementor-widget-text-editor\" data-id=\"9580159\" data-element_type=\"widget\" data-e-type=\"widget\" data-widget_type=\"text-editor.default\">\n\t\t\t\t<div class=\"elementor-widget-container\">\n\t\t\t\t\t\t\t\t\t<p style=\"text-align: center;\">Celem tego projektu jest zainspirowanie i umo\u017cliwienie innym organizacjom zak\u0142adania Bibliotek Rzeczy (LoTs). Naszym celem jest zwi\u0119kszenie dostarczania mo\u017cliwo\u015bci oferowanych przez (LoT), takich jak podnoszenie kwalifikacji os\u00f3b doros\u0142ych, podnoszenie \u015bwiadomo\u015bci na temat zmian klimatycznych oraz zapewnienie dost\u0119pno\u015bci dla os\u00f3b z mniejszymi przywilejami.<\/p>\t\t\t\t\t\t\t\t<\/div>\n\t\t\t\t<\/div>\n\t\t\t\t<section class=\"elementor-section elementor-inner-section elementor-element elementor-element-ef970f2 elementor-section-full_width elementor-section-height-default elementor-section-height-default\" data-id=\"ef970f2\" data-element_type=\"section\" data-e-type=\"section\">\n\t\t\t\t\t\t<div class=\"elementor-container elementor-column-gap-default\">\n\t\t\t\t\t<div class=\"elementor-column elementor-col-33 elementor-inner-column elementor-element elementor-element-fd27b31\" data-id=\"fd27b31\" data-element_type=\"column\" data-e-type=\"column\">\n\t\t\t<div class=\"elementor-widget-wrap elementor-element-populated\">\n\t\t\t\t\t\t<div class=\"elementor-element elementor-element-bff2ac9 elementor-widget elementor-widget-image\" data-id=\"bff2ac9\" data-element_type=\"widget\" data-e-type=\"widget\" data-widget_type=\"image.default\">\n\t\t\t\t<div class=\"elementor-widget-container\">\n\t\t\t\t\t\t\t\t\t\t\t\t\t\t\t<img decoding=\"async\" width=\"500\" height=\"500\" src=\"https:\/\/lte.erasmus.site\/wp-content\/uploads\/2021\/12\/1.png\" class=\"attachment-full size-full wp-image-67\" alt=\"\" srcset=\"https:\/\/lte.erasmus.site\/wp-content\/uploads\/2021\/12\/1.png 500w, https:\/\/lte.erasmus.site\/wp-content\/uploads\/2021\/12\/1-300x300.png 300w, https:\/\/lte.erasmus.site\/wp-content\/uploads\/2021\/12\/1-150x150.png 150w\" sizes=\"(max-width: 500px) 100vw, 500px\" \/>\t\t\t\t\t\t\t\t\t\t\t\t\t\t\t<\/div>\n\t\t\t\t<\/div>\n\t\t\t\t\t<\/div>\n\t\t<\/div>\n\t\t\t\t<div class=\"elementor-column elementor-col-33 elementor-inner-column elementor-element elementor-element-e6971ee\" data-id=\"e6971ee\" data-element_type=\"column\" data-e-type=\"column\">\n\t\t\t<div class=\"elementor-widget-wrap elementor-element-populated\">\n\t\t\t\t\t\t<div class=\"elementor-element elementor-element-1e4bc45 elementor-widget elementor-widget-image\" data-id=\"1e4bc45\" data-element_type=\"widget\" data-e-type=\"widget\" data-widget_type=\"image.default\">\n\t\t\t\t<div class=\"elementor-widget-container\">\n\t\t\t\t\t\t\t\t\t\t\t\t\t\t\t<img decoding=\"async\" width=\"500\" height=\"500\" src=\"https:\/\/lte.erasmus.site\/wp-content\/uploads\/2021\/12\/2.png\" class=\"attachment-full size-full wp-image-68\" alt=\"\" srcset=\"https:\/\/lte.erasmus.site\/wp-content\/uploads\/2021\/12\/2.png 500w, https:\/\/lte.erasmus.site\/wp-content\/uploads\/2021\/12\/2-300x300.png 300w, https:\/\/lte.erasmus.site\/wp-content\/uploads\/2021\/12\/2-150x150.png 150w\" sizes=\"(max-width: 500px) 100vw, 500px\" \/>\t\t\t\t\t\t\t\t\t\t\t\t\t\t\t<\/div>\n\t\t\t\t<\/div>\n\t\t\t\t\t<\/div>\n\t\t<\/div>\n\t\t\t\t<div class=\"elementor-column elementor-col-33 elementor-inner-column elementor-element elementor-element-b809155\" data-id=\"b809155\" data-element_type=\"column\" data-e-type=\"column\">\n\t\t\t<div class=\"elementor-widget-wrap elementor-element-populated\">\n\t\t\t\t\t\t<div class=\"elementor-element elementor-element-6b792a3 elementor-widget elementor-widget-image\" data-id=\"6b792a3\" data-element_type=\"widget\" data-e-type=\"widget\" data-widget_type=\"image.default\">\n\t\t\t\t<div class=\"elementor-widget-container\">\n\t\t\t\t\t\t\t\t\t\t\t\t\t\t\t<img loading=\"lazy\" decoding=\"async\" width=\"500\" height=\"500\" src=\"https:\/\/lte.erasmus.site\/wp-content\/uploads\/2021\/12\/3.png\" class=\"attachment-full size-full wp-image-69\" alt=\"\" srcset=\"https:\/\/lte.erasmus.site\/wp-content\/uploads\/2021\/12\/3.png 500w, https:\/\/lte.erasmus.site\/wp-content\/uploads\/2021\/12\/3-300x300.png 300w, https:\/\/lte.erasmus.site\/wp-content\/uploads\/2021\/12\/3-150x150.png 150w\" sizes=\"(max-width: 500px) 100vw, 500px\" \/>\t\t\t\t\t\t\t\t\t\t\t\t\t\t\t<\/div>\n\t\t\t\t<\/div>\n\t\t\t\t\t<\/div>\n\t\t<\/div>\n\t\t\t\t\t<\/div>\n\t\t<\/section>\n\t\t\t\t\t<\/div>\n\t\t<\/div>\n\t\t\t\t\t<\/div>\n\t\t<\/section>\n\t\t\t\t<section class=\"elementor-section elementor-top-section elementor-element elementor-element-2d8ba58 elementor-section-boxed elementor-section-height-default elementor-section-height-default\" data-id=\"2d8ba58\" data-element_type=\"section\" data-e-type=\"section\" data-settings=\"{&quot;background_background&quot;:&quot;classic&quot;}\">\n\t\t\t\t\t\t<div class=\"elementor-container elementor-column-gap-default\">\n\t\t\t\t\t<div class=\"elementor-column elementor-col-33 elementor-top-column elementor-element elementor-element-94a6090\" data-id=\"94a6090\" data-element_type=\"column\" data-e-type=\"column\">\n\t\t\t<div class=\"elementor-widget-wrap\">\n\t\t\t\t\t\t\t<\/div>\n\t\t<\/div>\n\t\t\t\t<div class=\"elementor-column elementor-col-33 elementor-top-column elementor-element elementor-element-ba33ca0\" data-id=\"ba33ca0\" data-element_type=\"column\" data-e-type=\"column\" data-settings=\"{&quot;background_background&quot;:&quot;classic&quot;}\">\n\t\t\t<div class=\"elementor-widget-wrap elementor-element-populated\">\n\t\t\t\t\t\t<div class=\"elementor-element elementor-element-84de910 elementor-widget elementor-widget-heading\" data-id=\"84de910\" data-element_type=\"widget\" data-e-type=\"widget\" data-widget_type=\"heading.default\">\n\t\t\t\t<div class=\"elementor-widget-container\">\n\t\t\t\t\t<h2 class=\"elementor-heading-title elementor-size-default\">Grupy docelowe<\/h2>\t\t\t\t<\/div>\n\t\t\t\t<\/div>\n\t\t\t\t<div class=\"elementor-element elementor-element-5f6669c elementor-widget-divider--view-line elementor-widget elementor-widget-divider\" data-id=\"5f6669c\" data-element_type=\"widget\" data-e-type=\"widget\" data-widget_type=\"divider.default\">\n\t\t\t\t<div class=\"elementor-widget-container\">\n\t\t\t\t\t\t\t<div class=\"elementor-divider\">\n\t\t\t<span class=\"elementor-divider-separator\">\n\t\t\t\t\t\t<\/span>\n\t\t<\/div>\n\t\t\t\t\t\t<\/div>\n\t\t\t\t<\/div>\n\t\t\t\t<div class=\"elementor-element elementor-element-28a73fb elementor-widget elementor-widget-text-editor\" data-id=\"28a73fb\" data-element_type=\"widget\" data-e-type=\"widget\" data-widget_type=\"text-editor.default\">\n\t\t\t\t<div class=\"elementor-widget-container\">\n\t\t\t\t\t\t\t\t\t<p><br \/><\/p><ul><li>Doro\u015bli, kt\u00f3rzy interesuj\u0105 si\u0119 tematyk\u0105 \u015brodowiska, recyklingu i gospodarki wsp\u00f3\u0142dzielenia<\/li><li>Osoby z mniejszymi szansami, napotykaj\u0105ce przeszkody ekonomiczne, spo\u0142eczne i kulturowe<\/li><li>Edukatorzy os\u00f3b doros\u0142ych<\/li><\/ul><p><br \/><\/p>\t\t\t\t\t\t\t\t<\/div>\n\t\t\t\t<\/div>\n\t\t\t\t\t<\/div>\n\t\t<\/div>\n\t\t\t\t<div class=\"elementor-column elementor-col-33 elementor-top-column elementor-element elementor-element-9a0a136\" data-id=\"9a0a136\" data-element_type=\"column\" data-e-type=\"column\">\n\t\t\t<div class=\"elementor-widget-wrap\">\n\t\t\t\t\t\t\t<\/div>\n\t\t<\/div>\n\t\t\t\t\t<\/div>\n\t\t<\/section>\n\t\t\t\t<section class=\"elementor-section elementor-top-section elementor-element elementor-element-ae8ce41 elementor-section-boxed elementor-section-height-default elementor-section-height-default\" data-id=\"ae8ce41\" data-element_type=\"section\" data-e-type=\"section\">\n\t\t\t\t\t\t<div class=\"elementor-container elementor-column-gap-default\">\n\t\t\t\t\t<div class=\"elementor-column elementor-col-100 elementor-top-column elementor-element elementor-element-0ec8b6e elementor-hidden-mobile\" data-id=\"0ec8b6e\" data-element_type=\"column\" data-e-type=\"column\">\n\t\t\t<div class=\"elementor-widget-wrap elementor-element-populated\">\n\t\t\t\t\t\t<div class=\"elementor-element elementor-element-87ed580 elementor-widget elementor-widget-menu-anchor\" data-id=\"87ed580\" data-element_type=\"widget\" data-e-type=\"widget\" data-widget_type=\"menu-anchor.default\">\n\t\t\t\t<div class=\"elementor-widget-container\">\n\t\t\t\t\t\t\t<div class=\"elementor-menu-anchor\" id=\"partners\"><\/div>\n\t\t\t\t\t\t<\/div>\n\t\t\t\t<\/div>\n\t\t\t\t<div class=\"elementor-element elementor-element-8b62793 elementor-widget elementor-widget-heading\" data-id=\"8b62793\" data-element_type=\"widget\" data-e-type=\"widget\" data-widget_type=\"heading.default\">\n\t\t\t\t<div class=\"elementor-widget-container\">\n\t\t\t\t\t<h2 class=\"elementor-heading-title elementor-size-default\">Partnerzy<\/h2>\t\t\t\t<\/div>\n\t\t\t\t<\/div>\n\t\t\t\t<div class=\"elementor-element elementor-element-b13bd90 elementor-widget-divider--view-line elementor-widget elementor-widget-divider\" data-id=\"b13bd90\" data-element_type=\"widget\" data-e-type=\"widget\" data-widget_type=\"divider.default\">\n\t\t\t\t<div class=\"elementor-widget-container\">\n\t\t\t\t\t\t\t<div class=\"elementor-divider\">\n\t\t\t<span class=\"elementor-divider-separator\">\n\t\t\t\t\t\t<\/span>\n\t\t<\/div>\n\t\t\t\t\t\t<\/div>\n\t\t\t\t<\/div>\n\t\t\t\t\t<\/div>\n\t\t<\/div>\n\t\t\t\t\t<\/div>\n\t\t<\/section>\n\t\t\t\t<section class=\"elementor-section elementor-top-section elementor-element elementor-element-06fd615 elementor-section-boxed elementor-section-height-default elementor-section-height-default\" data-id=\"06fd615\" data-element_type=\"section\" data-e-type=\"section\">\n\t\t\t\t\t\t<div class=\"elementor-container elementor-column-gap-default\">\n\t\t\t\t\t<div class=\"elementor-column elementor-col-33 elementor-top-column elementor-element elementor-element-8b863f6\" data-id=\"8b863f6\" data-element_type=\"column\" data-e-type=\"column\">\n\t\t\t<div class=\"elementor-widget-wrap elementor-element-populated\">\n\t\t\t\t\t\t<div class=\"elementor-element elementor-element-794cfc2 elementor-widget elementor-widget-image\" data-id=\"794cfc2\" data-element_type=\"widget\" data-e-type=\"widget\" data-widget_type=\"image.default\">\n\t\t\t\t<div class=\"elementor-widget-container\">\n\t\t\t\t\t\t\t\t\t\t\t\t\t\t\t<img loading=\"lazy\" decoding=\"async\" width=\"300\" height=\"300\" src=\"https:\/\/lte.erasmus.site\/wp-content\/uploads\/2022\/01\/zk.png\" class=\"attachment-large size-large wp-image-1319\" alt=\"\" srcset=\"https:\/\/lte.erasmus.site\/wp-content\/uploads\/2022\/01\/zk.png 300w, https:\/\/lte.erasmus.site\/wp-content\/uploads\/2022\/01\/zk-150x150.png 150w\" sizes=\"(max-width: 300px) 100vw, 300px\" \/>\t\t\t\t\t\t\t\t\t\t\t\t\t\t\t<\/div>\n\t\t\t\t<\/div>\n\t\t\t\t\t<\/div>\n\t\t<\/div>\n\t\t\t\t<div class=\"elementor-column elementor-col-33 elementor-top-column elementor-element elementor-element-ab88f54\" data-id=\"ab88f54\" data-element_type=\"column\" data-e-type=\"column\">\n\t\t\t<div class=\"elementor-widget-wrap elementor-element-populated\">\n\t\t\t\t\t\t<div class=\"elementor-element elementor-element-4da3105 elementor-widget elementor-widget-image\" data-id=\"4da3105\" data-element_type=\"widget\" data-e-type=\"widget\" data-widget_type=\"image.default\">\n\t\t\t\t<div class=\"elementor-widget-container\">\n\t\t\t\t\t\t\t\t\t\t\t\t\t\t\t<img loading=\"lazy\" decoding=\"async\" width=\"300\" height=\"300\" src=\"https:\/\/lte.erasmus.site\/wp-content\/uploads\/2022\/01\/cwep.png\" class=\"attachment-large size-large wp-image-1320\" alt=\"\" srcset=\"https:\/\/lte.erasmus.site\/wp-content\/uploads\/2022\/01\/cwep.png 300w, https:\/\/lte.erasmus.site\/wp-content\/uploads\/2022\/01\/cwep-150x150.png 150w\" sizes=\"(max-width: 300px) 100vw, 300px\" \/>\t\t\t\t\t\t\t\t\t\t\t\t\t\t\t<\/div>\n\t\t\t\t<\/div>\n\t\t\t\t\t<\/div>\n\t\t<\/div>\n\t\t\t\t<div class=\"elementor-column elementor-col-33 elementor-top-column elementor-element elementor-element-d4391be\" data-id=\"d4391be\" data-element_type=\"column\" data-e-type=\"column\">\n\t\t\t<div class=\"elementor-widget-wrap elementor-element-populated\">\n\t\t\t\t\t\t<div class=\"elementor-element elementor-element-e7b6ba6 elementor-widget elementor-widget-image\" data-id=\"e7b6ba6\" data-element_type=\"widget\" data-e-type=\"widget\" data-widget_type=\"image.default\">\n\t\t\t\t<div class=\"elementor-widget-container\">\n\t\t\t\t\t\t\t\t\t\t\t\t\t\t\t<img loading=\"lazy\" decoding=\"async\" width=\"300\" height=\"300\" src=\"https:\/\/lte.erasmus.site\/wp-content\/uploads\/2022\/01\/ts.png\" class=\"attachment-large size-large wp-image-1321\" alt=\"\" srcset=\"https:\/\/lte.erasmus.site\/wp-content\/uploads\/2022\/01\/ts.png 300w, https:\/\/lte.erasmus.site\/wp-content\/uploads\/2022\/01\/ts-150x150.png 150w\" sizes=\"(max-width: 300px) 100vw, 300px\" \/>\t\t\t\t\t\t\t\t\t\t\t\t\t\t\t<\/div>\n\t\t\t\t<\/div>\n\t\t\t\t\t<\/div>\n\t\t<\/div>\n\t\t\t\t\t<\/div>\n\t\t<\/section>\n\t\t\t\t<\/div>\n\t\t","protected":false},"excerpt":{"rendered":"<p>WITAMY NA STRONIE PROJEKTU &#8222;LIBRARIES OF THINGS EUROPE&#8221;! W &#8222;Bibliotekach Rzeczy&#8221; (LoT) cz\u0142onkowie mog\u0105 wypo\u017cycza\u0107 r\u00f3\u017cnego rodzaju przedmioty za darmo lub za niewielk\u0105 op\u0142at\u0105. Wypo\u017cyczanie zamiast kupowania zmniejsza ilo\u015b\u0107 kupowanych nowych przedmiot\u00f3w, kt\u00f3re mog\u0105 by\u0107 u\u017cywane kilka razy, zanim zostan\u0105 ostatecznie wyrzucone. Daje to ludziom mo\u017cliwo\u015b\u0107 uczestniczenia w gospodarce cyrkularnej i dowiedzenia si\u0119 wi\u0119cej o&hellip;&nbsp;<a href=\"https:\/\/lte.erasmus.site\/pl\/\" rel=\"bookmark\">Dowiedz si\u0119 wi\u0119cej &raquo;<span class=\"screen-reader-text\">Strona g\u0142\u00f3wna<\/span><\/a><\/p>\n","protected":false},"author":1,"featured_media":0,"parent":0,"menu_order":0,"comment_status":"closed","ping_status":"closed","template":"page-templates\/template-pagebuilder-full-width.php","meta":{"_crdt_document":"","neve_meta_sidebar":"","neve_meta_container":"","neve_meta_enable_content_width":"off","neve_meta_content_width":100,"neve_meta_title_alignment":"","neve_meta_author_avatar":"","neve_post_elements_order":"","neve_meta_disable_header":"","neve_meta_disable_footer":"","neve_meta_disable_title":"on","footnotes":""},"class_list":["post-1193","page","type-page","status-publish","hentry"],"_links":{"self":[{"href":"https:\/\/lte.erasmus.site\/pl\/wp-json\/wp\/v2\/pages\/1193","targetHints":{"allow":["GET"]}}],"collection":[{"href":"https:\/\/lte.erasmus.site\/pl\/wp-json\/wp\/v2\/pages"}],"about":[{"href":"https:\/\/lte.erasmus.site\/pl\/wp-json\/wp\/v2\/types\/page"}],"author":[{"embeddable":true,"href":"https:\/\/lte.erasmus.site\/pl\/wp-json\/wp\/v2\/users\/1"}],"replies":[{"embeddable":true,"href":"https:\/\/lte.erasmus.site\/pl\/wp-json\/wp\/v2\/comments?post=1193"}],"version-history":[{"count":105,"href":"https:\/\/lte.erasmus.site\/pl\/wp-json\/wp\/v2\/pages\/1193\/revisions"}],"predecessor-version":[{"id":1469,"href":"https:\/\/lte.erasmus.site\/pl\/wp-json\/wp\/v2\/pages\/1193\/revisions\/1469"}],"wp:attachment":[{"href":"https:\/\/lte.erasmus.site\/pl\/wp-json\/wp\/v2\/media?parent=1193"}],"curies":[{"name":"wp","href":"https:\/\/api.w.org\/{rel}","templated":true}]}}