{"id":1234,"date":"2021-12-30T08:46:27","date_gmt":"2021-12-30T08:46:27","guid":{"rendered":"https:\/\/lte.erasmus.site\/?page_id=1234"},"modified":"2022-09-22T09:34:10","modified_gmt":"2022-09-22T09:34:10","slug":"partners","status":"publish","type":"page","link":"https:\/\/lte.erasmus.site\/lt\/partners\/","title":{"rendered":"Partneriai"},"content":{"rendered":"<p><img fetchpriority=\"high\" decoding=\"async\" class=\"size-medium wp-image-1320 aligncenter\" src=\"https:\/\/lte.erasmus.site\/wp-content\/uploads\/2022\/01\/cwep-300x300.png\" alt=\"\" width=\"300\" height=\"300\" srcset=\"https:\/\/lte.erasmus.site\/wp-content\/uploads\/2022\/01\/cwep.png 300w, https:\/\/lte.erasmus.site\/wp-content\/uploads\/2022\/01\/cwep-150x150.png 150w\" sizes=\"(max-width: 300px) 100vw, 300px\" \/><\/p>\n<p style=\"text-align: center;\"><strong>Centrum Wspierania Edukacji i Przedsi\u0119biorczo\u015bci (CWEP) \u2013 Lenkija<\/strong><\/p>\n<p>\u0160vietimo ir verslumo r\u0117mimo centras (CWEP) yra nevyriausybin\u0117 organizacija, kuri\u0105 2004 m. \u012fk\u016br\u0117 grup\u0117 verslinink\u0173, mokytoj\u0173 ir socialini\u0173 aktyvist\u0173 i\u0161 \u017de\u0161uvo (Lenkija). CWEP bendradarbiauja su verslo \u012fmon\u0117mis ir \u0161vietimo \u012fstaigomis. CWEP misija &#8211; gerinti vis\u0173 lygi\u0173 ir vis\u0173 form\u0173 \u0161vietimo mokymo kokyb\u0119, taip pat skatinti verslum\u0105, kad b\u016bt\u0173 skatinama bet koki\u0173 socialini\u0173 grupi\u0173, nepriklausomai nuo lyties, am\u017eiaus ar etnin\u0117s kilm\u0117s, integracija. Ypa\u010d siekiama gerinti vis\u0173 \u017emoni\u0173 \u0161vietimo prieinamum\u0105, kokyb\u0119 ir veiksmingum\u0105, skatinti ir prisid\u0117ti prie suaugusi\u0173j\u0173 \u0161vietimo, mokymosi vis\u0105 gyvenim\u0105, e. mokymosi ir nauj\u0173j\u0173 technologij\u0173 naudojimo \u0161vietime bei verslumo. Asociacija bendradarbiauja su daugeliu partneri\u0173 i\u0161 Europos, siekdama stiprinti \u012fmoni\u0173 ekonomin\u0119 pad\u0117t\u012f, ir kuria \u012fmon\u0117ms internetines platformas.<\/p>\n<p>Internetin\u0117 svetain\u0117: <a href=\"http:\/\/www.cwep.eu\" target=\"_blank\" rel=\"noopener\">www.cwep.eu<\/a><\/p>\n<hr \/>\n<p><img decoding=\"async\" class=\"size-medium wp-image-1319 aligncenter\" src=\"https:\/\/lte.erasmus.site\/wp-content\/uploads\/2022\/01\/zk-300x300.png\" alt=\"\" width=\"300\" height=\"300\" srcset=\"https:\/\/lte.erasmus.site\/wp-content\/uploads\/2022\/01\/zk.png 300w, https:\/\/lte.erasmus.site\/wp-content\/uploads\/2022\/01\/zk-150x150.png 150w\" sizes=\"(max-width: 300px) 100vw, 300px\" \/><\/p>\n<p>V\u0161\u012e &#8222;\u017dini\u0173 kodas&#8221; yra ne pelno siekianti \u012fstaiga, \u012fsteigta 2010 m.<br \/>\nPagrindinis organizacijos tikslas &#8211; tenkinti vie\u0161uosius interesus organizuojant veikl\u0105, susijusi\u0105 su \u0161vietimu ir mokymu, mokslu, kult\u016bra, aplinka, sporto pl\u0117tra, socialine ar teisine pagalba, taip pat kita visuomenei naudinga veikla, siekiant skatinti \u012fvairaus am\u017eiaus \u017emoni\u0173 aktyv\u0173 dalyvavim\u0105 darbo rinkoje ir socialin\u0119 \u012ftraukt\u012f.<\/p>\n<p>M\u016bs\u0173 veikla apima:<\/p>\n<ol>\n<li>Konsultacijas neformaliojo profesinio mokymo, jo metod\u0173, metodik\u0173 ir galimybi\u0173, taikom\u0173 ne\u012fgaliesiems, srityje, siekiant patenkinti j\u0173 poreikius;<\/li>\n<li>Kult\u016brin\u0117 edukacija u\u017esienio sve\u010diams, skleid\u017eiant informacij\u0105 apie Lietuv\u0105, jos miestus, kult\u016bros paveld\u0105 ir visuomen\u0119;<\/li>\n<li>U\u017eimtumo skatinimas ir integracijos bei dalyvavimo politiniame, ekonominiame, socialiniame ir kult\u016briniame gyvenime b\u016bd\u0173 atradimas;<\/li>\n<li>\u017dmogaus socialini\u0173 geb\u0117jim\u0173, savirai\u0161kos, pa\u017eintini\u0173 interes\u0173, tolerancijos ir tarptautinio bendradarbiavimo ugdymas.<\/li>\n<\/ol>\n<hr \/>\n<p><img decoding=\"async\" class=\"size-medium wp-image-1321 aligncenter\" src=\"https:\/\/lte.erasmus.site\/wp-content\/uploads\/2022\/01\/ts-300x300.png\" alt=\"\" width=\"300\" height=\"300\" srcset=\"https:\/\/lte.erasmus.site\/wp-content\/uploads\/2022\/01\/ts.png 300w, https:\/\/lte.erasmus.site\/wp-content\/uploads\/2022\/01\/ts-150x150.png 150w\" sizes=\"(max-width: 300px) 100vw, 300px\" \/><\/p>\n<p>Transition Stirling yra aplinkosaugos labdaros organizacija, \u012fsipareigojusi:<\/p>\n<ul>\n<li>Didinti informuotum\u0105 apie klimato kaitos ir naftos naudojimo pasekmes.<\/li>\n<li>Skatinti bendruomen\u0119 imtis veiksm\u0173, susijusi\u0173 su klimato kaitos ma\u017einimu.<\/li>\n<li>Pad\u0117ti bendruomenei tapti savaranki\u0161kesne tokiose srityse kaip maistas ir energija.<\/li>\n<li>Ma\u017einti s\u0105vartyn\u0173 atliek\u0173 ir \u0161iltnamio efekt\u0105 sukelian\u010di\u0173 duj\u0173 i\u0161metim\u0105. Skatinti aplinkosaug\u0105.<\/li>\n<li>Bendradarbiauti su kitomis organizacijomis, ypa\u010d vietos bendruomen\u0117s grup\u0117mis ir kitomis savanori\u0161komis organizacijomis, siekiant pirmiau nurodyt\u0173 tiksl\u0173.<\/li>\n<\/ul>\n<p>Nuo 2016 m. turime \u012franki\u0173 dalijimosi bibliotek\u0105, taip pat atliekame remonto darbus, \u012fgyvendiname medienos pakartotinio naudojimo projektus, perskirstome maisto produktus i\u0161 maisto preki\u0173 parduotuvi\u0173, kurie kitu atveju b\u016bt\u0173 i\u0161mestos \u012f \u0161iuk\u0161lyn\u0105, o visai neseniai, 2020 m. \u012fk\u016br\u0117me pakartotinio naudojimo centr\u0105, kurio tikslas &#8211; ma\u017einti nam\u0173 apyvokos daikt\u0173 i\u0161metim\u0105.<\/p>\n<p>Internetin\u0117 svetain\u0117: <a href=\"http:\/\/www.transitionstirling.org.uk\" target=\"_blank\" rel=\"noopener\">www.transitionstirling.org.uk<\/a><\/p>\n","protected":false},"excerpt":{"rendered":"<p>Centrum Wspierania Edukacji i Przedsi\u0119biorczo\u015bci (CWEP) \u2013 Lenkija \u0160vietimo ir verslumo r\u0117mimo centras (CWEP) yra nevyriausybin\u0117 organizacija, kuri\u0105 2004 m. \u012fk\u016br\u0117 grup\u0117 verslinink\u0173, mokytoj\u0173 ir socialini\u0173 aktyvist\u0173 i\u0161 \u017de\u0161uvo (Lenkija). CWEP bendradarbiauja su verslo \u012fmon\u0117mis ir \u0161vietimo \u012fstaigomis. CWEP misija &#8211; gerinti vis\u0173 lygi\u0173 ir vis\u0173 form\u0173 \u0161vietimo mokymo kokyb\u0119, taip pat skatinti verslum\u0105, kad&hellip;&nbsp;<a href=\"https:\/\/lte.erasmus.site\/lt\/partners\/\" rel=\"bookmark\">Read More &raquo;<span class=\"screen-reader-text\">Partneriai<\/span><\/a><\/p>\n","protected":false},"author":1,"featured_media":0,"parent":0,"menu_order":0,"comment_status":"closed","ping_status":"closed","template":"","meta":{"_crdt_document":"","neve_meta_sidebar":"","neve_meta_container":"","neve_meta_enable_content_width":"off","neve_meta_content_width":100,"neve_meta_title_alignment":"","neve_meta_author_avatar":"","neve_post_elements_order":"","neve_meta_disable_header":"","neve_meta_disable_footer":"","neve_meta_disable_title":"","footnotes":""},"class_list":["post-1234","page","type-page","status-publish","hentry"],"_links":{"self":[{"href":"https:\/\/lte.erasmus.site\/lt\/wp-json\/wp\/v2\/pages\/1234","targetHints":{"allow":["GET"]}}],"collection":[{"href":"https:\/\/lte.erasmus.site\/lt\/wp-json\/wp\/v2\/pages"}],"about":[{"href":"https:\/\/lte.erasmus.site\/lt\/wp-json\/wp\/v2\/types\/page"}],"author":[{"embeddable":true,"href":"https:\/\/lte.erasmus.site\/lt\/wp-json\/wp\/v2\/users\/1"}],"replies":[{"embeddable":true,"href":"https:\/\/lte.erasmus.site\/lt\/wp-json\/wp\/v2\/comments?post=1234"}],"version-history":[{"count":9,"href":"https:\/\/lte.erasmus.site\/lt\/wp-json\/wp\/v2\/pages\/1234\/revisions"}],"predecessor-version":[{"id":1411,"href":"https:\/\/lte.erasmus.site\/lt\/wp-json\/wp\/v2\/pages\/1234\/revisions\/1411"}],"wp:attachment":[{"href":"https:\/\/lte.erasmus.site\/lt\/wp-json\/wp\/v2\/media?parent=1234"}],"curies":[{"name":"wp","href":"https:\/\/api.w.org\/{rel}","templated":true}]}}