{"id":1193,"date":"2021-11-21T15:12:46","date_gmt":"2021-11-21T15:12:46","guid":{"rendered":"https:\/\/lte.erasmus.site\/home-2\/"},"modified":"2023-08-24T10:03:51","modified_gmt":"2023-08-24T10:03:51","slug":"home-2","status":"publish","type":"page","link":"https:\/\/lte.erasmus.site\/lt\/","title":{"rendered":"Prad\u017eia"},"content":{"rendered":"\t\t<div data-elementor-type=\"wp-page\" data-elementor-id=\"1193\" class=\"elementor elementor-1193\">\n\t\t\t\t\t\t<section class=\"elementor-section elementor-top-section elementor-element elementor-element-ca7541c elementor-section-height-full elementor-section-boxed elementor-section-height-default elementor-section-items-middle\" data-id=\"ca7541c\" data-element_type=\"section\" data-e-type=\"section\" data-settings=\"{&quot;background_background&quot;:&quot;classic&quot;}\">\n\t\t\t\t\t\t\t<div class=\"elementor-background-overlay\"><\/div>\n\t\t\t\t\t\t\t<div class=\"elementor-container elementor-column-gap-default\">\n\t\t\t\t\t<div class=\"elementor-column elementor-col-50 elementor-top-column elementor-element elementor-element-be10890\" data-id=\"be10890\" data-element_type=\"column\" data-e-type=\"column\">\n\t\t\t<div class=\"elementor-widget-wrap elementor-element-populated\">\n\t\t\t\t\t\t<div class=\"elementor-element elementor-element-571a1f5 elementor-widget elementor-widget-spacer\" data-id=\"571a1f5\" data-element_type=\"widget\" data-e-type=\"widget\" data-widget_type=\"spacer.default\">\n\t\t\t\t<div class=\"elementor-widget-container\">\n\t\t\t\t\t\t\t<div class=\"elementor-spacer\">\n\t\t\t<div class=\"elementor-spacer-inner\"><\/div>\n\t\t<\/div>\n\t\t\t\t\t\t<\/div>\n\t\t\t\t<\/div>\n\t\t\t\t<div class=\"elementor-element elementor-element-02500f6 elementor-widget elementor-widget-heading\" data-id=\"02500f6\" data-element_type=\"widget\" data-e-type=\"widget\" data-widget_type=\"heading.default\">\n\t\t\t\t<div class=\"elementor-widget-container\">\n\t\t\t\t\t<h1 class=\"elementor-heading-title elementor-size-default\">SVEIKI ATVYK\u0118 \u012e PROJEKTO \u201eLIBRARIES OF THINGS EUROPE\" SVETAIN\u0118!<\/h1>\t\t\t\t<\/div>\n\t\t\t\t<\/div>\n\t\t\t\t<div class=\"elementor-element elementor-element-ffe4386 elementor-widget elementor-widget-text-editor\" data-id=\"ffe4386\" data-element_type=\"widget\" data-e-type=\"widget\" data-widget_type=\"text-editor.default\">\n\t\t\t\t<div class=\"elementor-widget-container\">\n\t\t\t\t\t\t\t\t\t<p>&#8222;Libraries of Things&#8221; (liet. daikt\u0173 bibliotekos) nariai gali nemokamai arba u\u017e nedidel\u0119 kain\u0105 pasiskolinti \u012fvairi\u0173 daikt\u0173, taip suma\u017eindami daikt\u0173 kiek\u012f, kuriuos reikia \u012fsigyti, tada panaudoti tik kelis kartus ir galiausiai i\u0161mesti. Tai suteikia \u017emon\u0117ms galimyb\u0119 dalyvauti \u017eiedin\u0117je ekonomikoje ir daugiau su\u017einoti apie klimato kait\u0105. Projekto tikslai &#8211; sukurti internetin\u0119 interaktyvi\u0105 platform\u0105, kurioje b\u016bt\u0173 kataloguojama informacija ir i\u0161tekliai, gauti i\u0161 kitose \u0161alyse veikian\u010di\u0173 daikt\u0173 bibliotek\u0173, taip pat pasi\u016blyti patarim\u0173 kitiems Europos gyventojams, kaip \u012fsteigti daikt\u0173 bibliotekas, ir dalintis projekto rezultatais. Taip pat bus sukurtas &#8222;Daikt\u0173 bibliotekos vadovas&#8221;, kuriame bus pateikta praktin\u0117 informacija, pad\u0117sianti potencialiems daikt\u0173 bibliotek\u0173 steig\u0117jams su\u017einoti, kaip jas \u012fsteigti, ir organizuoti atitinkamus mokymus.<\/p>\t\t\t\t\t\t\t\t<\/div>\n\t\t\t\t<\/div>\n\t\t\t\t\t<\/div>\n\t\t<\/div>\n\t\t\t\t<div class=\"elementor-column elementor-col-50 elementor-top-column elementor-element elementor-element-c3a6115\" data-id=\"c3a6115\" data-element_type=\"column\" data-e-type=\"column\">\n\t\t\t<div class=\"elementor-widget-wrap elementor-element-populated\">\n\t\t\t\t\t\t<div class=\"elementor-element elementor-element-dc4e015 elementor-widget elementor-widget-image\" data-id=\"dc4e015\" data-element_type=\"widget\" data-e-type=\"widget\" data-widget_type=\"image.default\">\n\t\t\t\t<div class=\"elementor-widget-container\">\n\t\t\t\t\t\t\t\t\t\t\t\t\t\t\t<img fetchpriority=\"high\" decoding=\"async\" width=\"512\" height=\"512\" src=\"https:\/\/lte.erasmus.site\/wp-content\/uploads\/2021\/12\/cropped-LOGO-removebg-1-1.png\" class=\"attachment-large size-large wp-image-87\" alt=\"\" srcset=\"https:\/\/lte.erasmus.site\/wp-content\/uploads\/2021\/12\/cropped-LOGO-removebg-1-1.png 512w, https:\/\/lte.erasmus.site\/wp-content\/uploads\/2021\/12\/cropped-LOGO-removebg-1-1-300x300.png 300w, https:\/\/lte.erasmus.site\/wp-content\/uploads\/2021\/12\/cropped-LOGO-removebg-1-1-150x150.png 150w, https:\/\/lte.erasmus.site\/wp-content\/uploads\/2021\/12\/cropped-LOGO-removebg-1-1-270x270.png 270w, https:\/\/lte.erasmus.site\/wp-content\/uploads\/2021\/12\/cropped-LOGO-removebg-1-1-192x192.png 192w, https:\/\/lte.erasmus.site\/wp-content\/uploads\/2021\/12\/cropped-LOGO-removebg-1-1-180x180.png 180w, https:\/\/lte.erasmus.site\/wp-content\/uploads\/2021\/12\/cropped-LOGO-removebg-1-1-32x32.png 32w\" sizes=\"(max-width: 512px) 100vw, 512px\" \/>\t\t\t\t\t\t\t\t\t\t\t\t\t\t\t<\/div>\n\t\t\t\t<\/div>\n\t\t\t\t\t<\/div>\n\t\t<\/div>\n\t\t\t\t\t<\/div>\n\t\t<\/section>\n\t\t\t\t<section class=\"elementor-section elementor-top-section elementor-element elementor-element-7701125 elementor-section-boxed elementor-section-height-default elementor-section-height-default\" data-id=\"7701125\" data-element_type=\"section\" data-e-type=\"section\">\n\t\t\t\t\t\t<div class=\"elementor-container elementor-column-gap-default\">\n\t\t\t\t\t<div class=\"elementor-column elementor-col-100 elementor-top-column elementor-element elementor-element-9ad04ba\" data-id=\"9ad04ba\" data-element_type=\"column\" data-e-type=\"column\">\n\t\t\t<div class=\"elementor-widget-wrap elementor-element-populated\">\n\t\t\t\t\t\t<div class=\"elementor-element elementor-element-98b464a elementor-widget elementor-widget-menu-anchor\" data-id=\"98b464a\" data-element_type=\"widget\" data-e-type=\"widget\" data-widget_type=\"menu-anchor.default\">\n\t\t\t\t<div class=\"elementor-widget-container\">\n\t\t\t\t\t\t\t<div class=\"elementor-menu-anchor\" id=\"about\"><\/div>\n\t\t\t\t\t\t<\/div>\n\t\t\t\t<\/div>\n\t\t\t\t<div class=\"elementor-element elementor-element-13ae7bf elementor-widget elementor-widget-heading\" data-id=\"13ae7bf\" data-element_type=\"widget\" data-e-type=\"widget\" data-widget_type=\"heading.default\">\n\t\t\t\t<div class=\"elementor-widget-container\">\n\t\t\t\t\t<h2 class=\"elementor-heading-title elementor-size-default\">Projekto tikslas<\/h2>\t\t\t\t<\/div>\n\t\t\t\t<\/div>\n\t\t\t\t<div class=\"elementor-element elementor-element-9c7221f elementor-widget-divider--view-line elementor-widget elementor-widget-divider\" data-id=\"9c7221f\" data-element_type=\"widget\" data-e-type=\"widget\" data-widget_type=\"divider.default\">\n\t\t\t\t<div class=\"elementor-widget-container\">\n\t\t\t\t\t\t\t<div class=\"elementor-divider\">\n\t\t\t<span class=\"elementor-divider-separator\">\n\t\t\t\t\t\t<\/span>\n\t\t<\/div>\n\t\t\t\t\t\t<\/div>\n\t\t\t\t<\/div>\n\t\t\t\t<div class=\"elementor-element elementor-element-9580159 elementor-widget elementor-widget-text-editor\" data-id=\"9580159\" data-element_type=\"widget\" data-e-type=\"widget\" data-widget_type=\"text-editor.default\">\n\t\t\t\t<div class=\"elementor-widget-container\">\n\t\t\t\t\t\t\t\t\t<p style=\"text-align: center;\">\u0160io projekto tikslas &#8211; \u012fkv\u0117pti ir \u012fgalinti kitas organizacijas steigti daikt\u0173 bibliotekas (angl. Libraries of Things, LoT), kad b\u016bt\u0173 sudarytos geresn\u0117s galimyb\u0117s kelti suaugusi\u0173j\u0173 kvalifikacij\u0105, didinti informuotum\u0105 apie klimato kait\u0105 ir u\u017etikrinti prieinamum\u0105 ma\u017eiau galimybi\u0173 turintiems \u017emon\u0117ms.<\/p>\t\t\t\t\t\t\t\t<\/div>\n\t\t\t\t<\/div>\n\t\t\t\t<section class=\"elementor-section elementor-inner-section elementor-element elementor-element-ef970f2 elementor-section-full_width elementor-section-height-default elementor-section-height-default\" data-id=\"ef970f2\" data-element_type=\"section\" data-e-type=\"section\">\n\t\t\t\t\t\t<div class=\"elementor-container elementor-column-gap-default\">\n\t\t\t\t\t<div class=\"elementor-column elementor-col-33 elementor-inner-column elementor-element elementor-element-fd27b31\" data-id=\"fd27b31\" data-element_type=\"column\" data-e-type=\"column\">\n\t\t\t<div class=\"elementor-widget-wrap elementor-element-populated\">\n\t\t\t\t\t\t<div class=\"elementor-element elementor-element-bff2ac9 elementor-widget elementor-widget-image\" data-id=\"bff2ac9\" data-element_type=\"widget\" data-e-type=\"widget\" data-widget_type=\"image.default\">\n\t\t\t\t<div class=\"elementor-widget-container\">\n\t\t\t\t\t\t\t\t\t\t\t\t\t\t\t<img decoding=\"async\" width=\"500\" height=\"500\" src=\"https:\/\/lte.erasmus.site\/wp-content\/uploads\/2021\/12\/1.png\" class=\"attachment-full size-full wp-image-67\" alt=\"\" srcset=\"https:\/\/lte.erasmus.site\/wp-content\/uploads\/2021\/12\/1.png 500w, https:\/\/lte.erasmus.site\/wp-content\/uploads\/2021\/12\/1-300x300.png 300w, https:\/\/lte.erasmus.site\/wp-content\/uploads\/2021\/12\/1-150x150.png 150w\" sizes=\"(max-width: 500px) 100vw, 500px\" \/>\t\t\t\t\t\t\t\t\t\t\t\t\t\t\t<\/div>\n\t\t\t\t<\/div>\n\t\t\t\t\t<\/div>\n\t\t<\/div>\n\t\t\t\t<div class=\"elementor-column elementor-col-33 elementor-inner-column elementor-element elementor-element-e6971ee\" data-id=\"e6971ee\" data-element_type=\"column\" data-e-type=\"column\">\n\t\t\t<div class=\"elementor-widget-wrap elementor-element-populated\">\n\t\t\t\t\t\t<div class=\"elementor-element elementor-element-1e4bc45 elementor-widget elementor-widget-image\" data-id=\"1e4bc45\" data-element_type=\"widget\" data-e-type=\"widget\" data-widget_type=\"image.default\">\n\t\t\t\t<div class=\"elementor-widget-container\">\n\t\t\t\t\t\t\t\t\t\t\t\t\t\t\t<img decoding=\"async\" width=\"500\" height=\"500\" src=\"https:\/\/lte.erasmus.site\/wp-content\/uploads\/2021\/12\/2.png\" class=\"attachment-full size-full wp-image-68\" alt=\"\" srcset=\"https:\/\/lte.erasmus.site\/wp-content\/uploads\/2021\/12\/2.png 500w, https:\/\/lte.erasmus.site\/wp-content\/uploads\/2021\/12\/2-300x300.png 300w, https:\/\/lte.erasmus.site\/wp-content\/uploads\/2021\/12\/2-150x150.png 150w\" sizes=\"(max-width: 500px) 100vw, 500px\" \/>\t\t\t\t\t\t\t\t\t\t\t\t\t\t\t<\/div>\n\t\t\t\t<\/div>\n\t\t\t\t\t<\/div>\n\t\t<\/div>\n\t\t\t\t<div class=\"elementor-column elementor-col-33 elementor-inner-column elementor-element elementor-element-b809155\" data-id=\"b809155\" data-element_type=\"column\" data-e-type=\"column\">\n\t\t\t<div class=\"elementor-widget-wrap elementor-element-populated\">\n\t\t\t\t\t\t<div class=\"elementor-element elementor-element-6b792a3 elementor-widget elementor-widget-image\" data-id=\"6b792a3\" data-element_type=\"widget\" data-e-type=\"widget\" data-widget_type=\"image.default\">\n\t\t\t\t<div class=\"elementor-widget-container\">\n\t\t\t\t\t\t\t\t\t\t\t\t\t\t\t<img loading=\"lazy\" decoding=\"async\" width=\"500\" height=\"500\" src=\"https:\/\/lte.erasmus.site\/wp-content\/uploads\/2021\/12\/3.png\" class=\"attachment-full size-full wp-image-69\" alt=\"\" srcset=\"https:\/\/lte.erasmus.site\/wp-content\/uploads\/2021\/12\/3.png 500w, https:\/\/lte.erasmus.site\/wp-content\/uploads\/2021\/12\/3-300x300.png 300w, https:\/\/lte.erasmus.site\/wp-content\/uploads\/2021\/12\/3-150x150.png 150w\" sizes=\"(max-width: 500px) 100vw, 500px\" \/>\t\t\t\t\t\t\t\t\t\t\t\t\t\t\t<\/div>\n\t\t\t\t<\/div>\n\t\t\t\t\t<\/div>\n\t\t<\/div>\n\t\t\t\t\t<\/div>\n\t\t<\/section>\n\t\t\t\t\t<\/div>\n\t\t<\/div>\n\t\t\t\t\t<\/div>\n\t\t<\/section>\n\t\t\t\t<section class=\"elementor-section elementor-top-section elementor-element elementor-element-2d8ba58 elementor-section-boxed elementor-section-height-default elementor-section-height-default\" data-id=\"2d8ba58\" data-element_type=\"section\" data-e-type=\"section\" data-settings=\"{&quot;background_background&quot;:&quot;classic&quot;}\">\n\t\t\t\t\t\t<div class=\"elementor-container elementor-column-gap-default\">\n\t\t\t\t\t<div class=\"elementor-column elementor-col-33 elementor-top-column elementor-element elementor-element-94a6090\" data-id=\"94a6090\" data-element_type=\"column\" data-e-type=\"column\">\n\t\t\t<div class=\"elementor-widget-wrap\">\n\t\t\t\t\t\t\t<\/div>\n\t\t<\/div>\n\t\t\t\t<div class=\"elementor-column elementor-col-33 elementor-top-column elementor-element elementor-element-ba33ca0\" data-id=\"ba33ca0\" data-element_type=\"column\" data-e-type=\"column\" data-settings=\"{&quot;background_background&quot;:&quot;classic&quot;}\">\n\t\t\t<div class=\"elementor-widget-wrap elementor-element-populated\">\n\t\t\t\t\t\t<div class=\"elementor-element elementor-element-84de910 elementor-widget elementor-widget-heading\" data-id=\"84de910\" data-element_type=\"widget\" data-e-type=\"widget\" data-widget_type=\"heading.default\">\n\t\t\t\t<div class=\"elementor-widget-container\">\n\t\t\t\t\t<h2 class=\"elementor-heading-title elementor-size-default\">Tikslin\u0117 grup\u0117<\/h2>\t\t\t\t<\/div>\n\t\t\t\t<\/div>\n\t\t\t\t<div class=\"elementor-element elementor-element-5f6669c elementor-widget-divider--view-line elementor-widget elementor-widget-divider\" data-id=\"5f6669c\" data-element_type=\"widget\" data-e-type=\"widget\" data-widget_type=\"divider.default\">\n\t\t\t\t<div class=\"elementor-widget-container\">\n\t\t\t\t\t\t\t<div class=\"elementor-divider\">\n\t\t\t<span class=\"elementor-divider-separator\">\n\t\t\t\t\t\t<\/span>\n\t\t<\/div>\n\t\t\t\t\t\t<\/div>\n\t\t\t\t<\/div>\n\t\t\t\t<div class=\"elementor-element elementor-element-28a73fb elementor-widget elementor-widget-text-editor\" data-id=\"28a73fb\" data-element_type=\"widget\" data-e-type=\"widget\" data-widget_type=\"text-editor.default\">\n\t\t\t\t<div class=\"elementor-widget-container\">\n\t\t\t\t\t\t\t\t\t<p><br \/><br \/><\/p><ul><li>Suaugusieji, besidomintys aplinkosaugos, perdirbimo ir dalijimosi ekonomikos temomis.<\/li><li>Ma\u017eiau galimybi\u0173 turintys \u017emon\u0117s, susiduriantys su ekonomin\u0117mis, socialin\u0117mis ir kult\u016brin\u0117mis kli\u016btimis<\/li><li>Suaugusi\u0173j\u0173 \u0161viet\u0117jai<\/li><\/ul><p><\/p>\t\t\t\t\t\t\t\t<\/div>\n\t\t\t\t<\/div>\n\t\t\t\t\t<\/div>\n\t\t<\/div>\n\t\t\t\t<div class=\"elementor-column elementor-col-33 elementor-top-column elementor-element elementor-element-9a0a136\" data-id=\"9a0a136\" data-element_type=\"column\" data-e-type=\"column\">\n\t\t\t<div class=\"elementor-widget-wrap\">\n\t\t\t\t\t\t\t<\/div>\n\t\t<\/div>\n\t\t\t\t\t<\/div>\n\t\t<\/section>\n\t\t\t\t<section class=\"elementor-section elementor-top-section elementor-element elementor-element-ae8ce41 elementor-section-boxed elementor-section-height-default elementor-section-height-default\" data-id=\"ae8ce41\" data-element_type=\"section\" data-e-type=\"section\">\n\t\t\t\t\t\t<div class=\"elementor-container elementor-column-gap-default\">\n\t\t\t\t\t<div class=\"elementor-column elementor-col-100 elementor-top-column elementor-element elementor-element-0ec8b6e elementor-hidden-mobile\" data-id=\"0ec8b6e\" data-element_type=\"column\" data-e-type=\"column\">\n\t\t\t<div class=\"elementor-widget-wrap elementor-element-populated\">\n\t\t\t\t\t\t<div class=\"elementor-element elementor-element-87ed580 elementor-widget elementor-widget-menu-anchor\" data-id=\"87ed580\" data-element_type=\"widget\" data-e-type=\"widget\" data-widget_type=\"menu-anchor.default\">\n\t\t\t\t<div class=\"elementor-widget-container\">\n\t\t\t\t\t\t\t<div class=\"elementor-menu-anchor\" id=\"partners\"><\/div>\n\t\t\t\t\t\t<\/div>\n\t\t\t\t<\/div>\n\t\t\t\t<div class=\"elementor-element elementor-element-8b62793 elementor-widget elementor-widget-heading\" data-id=\"8b62793\" data-element_type=\"widget\" data-e-type=\"widget\" data-widget_type=\"heading.default\">\n\t\t\t\t<div class=\"elementor-widget-container\">\n\t\t\t\t\t<h2 class=\"elementor-heading-title elementor-size-default\">Partneriai<\/h2>\t\t\t\t<\/div>\n\t\t\t\t<\/div>\n\t\t\t\t<div class=\"elementor-element elementor-element-b13bd90 elementor-widget-divider--view-line elementor-widget elementor-widget-divider\" data-id=\"b13bd90\" data-element_type=\"widget\" data-e-type=\"widget\" data-widget_type=\"divider.default\">\n\t\t\t\t<div class=\"elementor-widget-container\">\n\t\t\t\t\t\t\t<div class=\"elementor-divider\">\n\t\t\t<span class=\"elementor-divider-separator\">\n\t\t\t\t\t\t<\/span>\n\t\t<\/div>\n\t\t\t\t\t\t<\/div>\n\t\t\t\t<\/div>\n\t\t\t\t\t<\/div>\n\t\t<\/div>\n\t\t\t\t\t<\/div>\n\t\t<\/section>\n\t\t\t\t<section class=\"elementor-section elementor-top-section elementor-element elementor-element-06fd615 elementor-section-boxed elementor-section-height-default elementor-section-height-default\" data-id=\"06fd615\" data-element_type=\"section\" data-e-type=\"section\">\n\t\t\t\t\t\t<div class=\"elementor-container elementor-column-gap-default\">\n\t\t\t\t\t<div class=\"elementor-column elementor-col-33 elementor-top-column elementor-element elementor-element-8b863f6\" data-id=\"8b863f6\" data-element_type=\"column\" data-e-type=\"column\">\n\t\t\t<div class=\"elementor-widget-wrap elementor-element-populated\">\n\t\t\t\t\t\t<div class=\"elementor-element elementor-element-794cfc2 elementor-widget elementor-widget-image\" data-id=\"794cfc2\" data-element_type=\"widget\" data-e-type=\"widget\" data-widget_type=\"image.default\">\n\t\t\t\t<div class=\"elementor-widget-container\">\n\t\t\t\t\t\t\t\t\t\t\t\t\t\t\t<img loading=\"lazy\" decoding=\"async\" width=\"300\" height=\"300\" src=\"https:\/\/lte.erasmus.site\/wp-content\/uploads\/2022\/01\/zk.png\" class=\"attachment-large size-large wp-image-1319\" alt=\"\" srcset=\"https:\/\/lte.erasmus.site\/wp-content\/uploads\/2022\/01\/zk.png 300w, https:\/\/lte.erasmus.site\/wp-content\/uploads\/2022\/01\/zk-150x150.png 150w\" sizes=\"(max-width: 300px) 100vw, 300px\" \/>\t\t\t\t\t\t\t\t\t\t\t\t\t\t\t<\/div>\n\t\t\t\t<\/div>\n\t\t\t\t\t<\/div>\n\t\t<\/div>\n\t\t\t\t<div class=\"elementor-column elementor-col-33 elementor-top-column elementor-element elementor-element-ab88f54\" data-id=\"ab88f54\" data-element_type=\"column\" data-e-type=\"column\">\n\t\t\t<div class=\"elementor-widget-wrap elementor-element-populated\">\n\t\t\t\t\t\t<div class=\"elementor-element elementor-element-4da3105 elementor-widget elementor-widget-image\" data-id=\"4da3105\" data-element_type=\"widget\" data-e-type=\"widget\" data-widget_type=\"image.default\">\n\t\t\t\t<div class=\"elementor-widget-container\">\n\t\t\t\t\t\t\t\t\t\t\t\t\t\t\t<img loading=\"lazy\" decoding=\"async\" width=\"300\" height=\"300\" src=\"https:\/\/lte.erasmus.site\/wp-content\/uploads\/2022\/01\/cwep.png\" class=\"attachment-large size-large wp-image-1320\" alt=\"\" srcset=\"https:\/\/lte.erasmus.site\/wp-content\/uploads\/2022\/01\/cwep.png 300w, https:\/\/lte.erasmus.site\/wp-content\/uploads\/2022\/01\/cwep-150x150.png 150w\" sizes=\"(max-width: 300px) 100vw, 300px\" \/>\t\t\t\t\t\t\t\t\t\t\t\t\t\t\t<\/div>\n\t\t\t\t<\/div>\n\t\t\t\t\t<\/div>\n\t\t<\/div>\n\t\t\t\t<div class=\"elementor-column elementor-col-33 elementor-top-column elementor-element elementor-element-d4391be\" data-id=\"d4391be\" data-element_type=\"column\" data-e-type=\"column\">\n\t\t\t<div class=\"elementor-widget-wrap elementor-element-populated\">\n\t\t\t\t\t\t<div class=\"elementor-element elementor-element-e7b6ba6 elementor-widget elementor-widget-image\" data-id=\"e7b6ba6\" data-element_type=\"widget\" data-e-type=\"widget\" data-widget_type=\"image.default\">\n\t\t\t\t<div class=\"elementor-widget-container\">\n\t\t\t\t\t\t\t\t\t\t\t\t\t\t\t<img loading=\"lazy\" decoding=\"async\" width=\"300\" height=\"300\" src=\"https:\/\/lte.erasmus.site\/wp-content\/uploads\/2022\/01\/ts.png\" class=\"attachment-large size-large wp-image-1321\" alt=\"\" srcset=\"https:\/\/lte.erasmus.site\/wp-content\/uploads\/2022\/01\/ts.png 300w, https:\/\/lte.erasmus.site\/wp-content\/uploads\/2022\/01\/ts-150x150.png 150w\" sizes=\"(max-width: 300px) 100vw, 300px\" \/>\t\t\t\t\t\t\t\t\t\t\t\t\t\t\t<\/div>\n\t\t\t\t<\/div>\n\t\t\t\t\t<\/div>\n\t\t<\/div>\n\t\t\t\t\t<\/div>\n\t\t<\/section>\n\t\t\t\t<\/div>\n\t\t","protected":false},"excerpt":{"rendered":"<p>SVEIKI ATVYK\u0118 \u012e PROJEKTO \u201eLIBRARIES OF THINGS EUROPE&#8221; SVETAIN\u0118! &#8222;Libraries of Things&#8221; (liet. daikt\u0173 bibliotekos) nariai gali nemokamai arba u\u017e nedidel\u0119 kain\u0105 pasiskolinti \u012fvairi\u0173 daikt\u0173, taip suma\u017eindami daikt\u0173 kiek\u012f, kuriuos reikia \u012fsigyti, tada panaudoti tik kelis kartus ir galiausiai i\u0161mesti. Tai suteikia \u017emon\u0117ms galimyb\u0119 dalyvauti \u017eiedin\u0117je ekonomikoje ir daugiau su\u017einoti apie klimato kait\u0105. Projekto tikslai&hellip;&nbsp;<a href=\"https:\/\/lte.erasmus.site\/lt\/\" rel=\"bookmark\">Read More &raquo;<span class=\"screen-reader-text\">Prad\u017eia<\/span><\/a><\/p>\n","protected":false},"author":1,"featured_media":0,"parent":0,"menu_order":0,"comment_status":"closed","ping_status":"closed","template":"page-templates\/template-pagebuilder-full-width.php","meta":{"_crdt_document":"","neve_meta_sidebar":"","neve_meta_container":"","neve_meta_enable_content_width":"off","neve_meta_content_width":100,"neve_meta_title_alignment":"","neve_meta_author_avatar":"","neve_post_elements_order":"","neve_meta_disable_header":"","neve_meta_disable_footer":"","neve_meta_disable_title":"on","footnotes":""},"class_list":["post-1193","page","type-page","status-publish","hentry"],"_links":{"self":[{"href":"https:\/\/lte.erasmus.site\/lt\/wp-json\/wp\/v2\/pages\/1193","targetHints":{"allow":["GET"]}}],"collection":[{"href":"https:\/\/lte.erasmus.site\/lt\/wp-json\/wp\/v2\/pages"}],"about":[{"href":"https:\/\/lte.erasmus.site\/lt\/wp-json\/wp\/v2\/types\/page"}],"author":[{"embeddable":true,"href":"https:\/\/lte.erasmus.site\/lt\/wp-json\/wp\/v2\/users\/1"}],"replies":[{"embeddable":true,"href":"https:\/\/lte.erasmus.site\/lt\/wp-json\/wp\/v2\/comments?post=1193"}],"version-history":[{"count":105,"href":"https:\/\/lte.erasmus.site\/lt\/wp-json\/wp\/v2\/pages\/1193\/revisions"}],"predecessor-version":[{"id":1469,"href":"https:\/\/lte.erasmus.site\/lt\/wp-json\/wp\/v2\/pages\/1193\/revisions\/1469"}],"wp:attachment":[{"href":"https:\/\/lte.erasmus.site\/lt\/wp-json\/wp\/v2\/media?parent=1193"}],"curies":[{"name":"wp","href":"https:\/\/api.w.org\/{rel}","templated":true}]}}